{"id":40,"date":"2022-03-06T09:23:33","date_gmt":"2022-03-06T09:23:33","guid":{"rendered":"http:\/\/borzsonyring.hu\/?page_id=40"},"modified":"2025-08-24T19:50:00","modified_gmt":"2025-08-24T19:50:00","slug":"borzsony-ring","status":"publish","type":"page","link":"https:\/\/borzsonyring.hu\/","title":{"rendered":"Kezd\u0151oldal"},"content":{"rendered":"<div id=\"br-start-header\">Ker\u00e9kp\u00e1ros rendezv\u00e9ny a B\u00f6rzs\u00f6nyben &#8211; 2024.09.21.<\/div>\n<div id=\"br-start-top-text\" class=\"br-start-narrow\">\n<h2>Kedves r\u00e9sztvev\u0151k,<\/h2>\n<p>Id\u00e9n ism\u00e9t megrendezz\u00fck a <b>B\u00f6rzs\u00f6nyRing <\/b>\u00e9s a<b> Csal\u00e1di Ipolyk\u00f6r <\/b>\u00a0teljes\u00edtm\u00e9nyt\u00far\u00e1kat.<\/p>\n<\/div>\n<div id=\"br-start-posters\" class=\"br-start-narrow\">\n<div id=\"br-poster-left\" class=\"col-xs-12 col-md-6\">\n<p><img loading=\"lazy\" decoding=\"async\" class=\"size-full wp-image-46 alignnone\" src=\"https:\/\/borzsonyring.hu\/wp-content\/uploads\/2022\/03\/br-logo.png\" alt=\"\" width=\"191\" height=\"228\" \/><\/p>\n<div id=\"br-poster-left-main\"><img loading=\"lazy\" decoding=\"async\" class=\"alignnone wp-image-234 size-full\" src=\"http:\/\/borzsonyring.hu\/wp-content\/uploads\/2025\/08\/borzsonyring-plakat-2025-v2.jpg\" alt=\"\" width=\"877\" height=\"1240\" srcset=\"https:\/\/borzsonyring.hu\/wp-content\/uploads\/2025\/08\/borzsonyring-plakat-2025-v2.jpg 877w, https:\/\/borzsonyring.hu\/wp-content\/uploads\/2025\/08\/borzsonyring-plakat-2025-v2-212x300.jpg 212w, https:\/\/borzsonyring.hu\/wp-content\/uploads\/2025\/08\/borzsonyring-plakat-2025-v2-724x1024.jpg 724w, https:\/\/borzsonyring.hu\/wp-content\/uploads\/2025\/08\/borzsonyring-plakat-2025-v2-768x1086.jpg 768w, https:\/\/borzsonyring.hu\/wp-content\/uploads\/2025\/08\/borzsonyring-plakat-2025-v2-335x474.jpg 335w\" sizes=\"auto, (max-width: 877px) 100vw, 877px\" \/><\/div>\n<div class=\"br-more\"><a class=\"br-btn-more\" href=\"https:\/\/borzsonyring.hu\/?page_id=7\">B\u0151vebben<\/a><\/div>\n<div class=\"br-reg-free\">A r\u00e9szv\u00e9tel ingyenes<\/div>\n<\/div>\n<div><\/div>\n<div id=\"br-poster-right\" class=\"col-xs-12 col-md-6\">\n<div id=\"br-poster-right-header\"><img loading=\"lazy\" decoding=\"async\" class=\"alignnone wp-image-47 size-medium\" src=\"http:\/\/borzsonyring.hu\/wp-content\/uploads\/2022\/03\/csi-logo-300x129.png\" alt=\"\" width=\"300\" height=\"129\" srcset=\"https:\/\/borzsonyring.hu\/wp-content\/uploads\/2022\/03\/csi-logo-300x129.png 300w, https:\/\/borzsonyring.hu\/wp-content\/uploads\/2022\/03\/csi-logo.png 307w\" sizes=\"auto, (max-width: 300px) 100vw, 300px\" \/><\/div>\n<div id=\"br-poster-left-main\"><img loading=\"lazy\" decoding=\"async\" class=\"alignnone wp-image-233 size-full\" src=\"http:\/\/borzsonyring.hu\/wp-content\/uploads\/2025\/08\/csaladiipolykor-plakat-2025-v2.jpg\" alt=\"\" width=\"877\" height=\"1240\" srcset=\"https:\/\/borzsonyring.hu\/wp-content\/uploads\/2025\/08\/csaladiipolykor-plakat-2025-v2.jpg 877w, https:\/\/borzsonyring.hu\/wp-content\/uploads\/2025\/08\/csaladiipolykor-plakat-2025-v2-212x300.jpg 212w, https:\/\/borzsonyring.hu\/wp-content\/uploads\/2025\/08\/csaladiipolykor-plakat-2025-v2-724x1024.jpg 724w, https:\/\/borzsonyring.hu\/wp-content\/uploads\/2025\/08\/csaladiipolykor-plakat-2025-v2-768x1086.jpg 768w, https:\/\/borzsonyring.hu\/wp-content\/uploads\/2025\/08\/csaladiipolykor-plakat-2025-v2-335x474.jpg 335w\" sizes=\"auto, (max-width: 877px) 100vw, 877px\" \/><\/div>\n<div class=\"br-more\"><a class=\"br-btn-more\" href=\"https:\/\/borzsonyring.hu\/?page_id=72\">B\u0151vebben<\/a><\/div>\n<div class=\"br-reg-free\">A r\u00e9szv\u00e9tel ingyenes<\/div>\n<\/div>\n<\/div>\n<div id=\"br-start-footer\"><img loading=\"lazy\" decoding=\"async\" width=\"2400\" height=\"806\" class=\"alignnone size-full wp-image-45\" src=\"https:\/\/borzsonyring.hu\/wp-content\/uploads\/2022\/03\/footer.png\" alt=\"\" srcset=\"https:\/\/borzsonyring.hu\/wp-content\/uploads\/2022\/03\/footer.png 2400w, https:\/\/borzsonyring.hu\/wp-content\/uploads\/2022\/03\/footer-300x101.png 300w, https:\/\/borzsonyring.hu\/wp-content\/uploads\/2022\/03\/footer-1024x344.png 1024w, https:\/\/borzsonyring.hu\/wp-content\/uploads\/2022\/03\/footer-768x258.png 768w, https:\/\/borzsonyring.hu\/wp-content\/uploads\/2022\/03\/footer-1536x516.png 1536w, https:\/\/borzsonyring.hu\/wp-content\/uploads\/2022\/03\/footer-2048x688.png 2048w, https:\/\/borzsonyring.hu\/wp-content\/uploads\/2022\/03\/footer-335x113.png 335w\" sizes=\"auto, (max-width: 2400px) 100vw, 2400px\" \/><\/div>\n","protected":false},"excerpt":{"rendered":"<p>Ker\u00e9kp\u00e1ros rendezv\u00e9ny a B\u00f6rzs\u00f6nyben &#8211; 2024.09.21. Kedves r\u00e9sztvev\u0151k, Id\u00e9n ism\u00e9t megrendezz\u00fck a B\u00f6rzs\u00f6nyRing \u00e9s a Csal\u00e1di Ipolyk\u00f6r \u00a0teljes\u00edtm\u00e9nyt\u00far\u00e1kat. B\u0151vebben A r\u00e9szv\u00e9tel ingyenes B\u0151vebben A r\u00e9szv\u00e9tel ingyenes<\/p>\n","protected":false},"author":2,"featured_media":0,"parent":0,"menu_order":0,"comment_status":"closed","ping_status":"closed","template":"front-page.php","meta":{"footnotes":""},"class_list":["post-40","page","type-page","status-publish","hentry"],"_links":{"self":[{"href":"https:\/\/borzsonyring.hu\/index.php?rest_route=\/wp\/v2\/pages\/40","targetHints":{"allow":["GET"]}}],"collection":[{"href":"https:\/\/borzsonyring.hu\/index.php?rest_route=\/wp\/v2\/pages"}],"about":[{"href":"https:\/\/borzsonyring.hu\/index.php?rest_route=\/wp\/v2\/types\/page"}],"author":[{"embeddable":true,"href":"https:\/\/borzsonyring.hu\/index.php?rest_route=\/wp\/v2\/users\/2"}],"replies":[{"embeddable":true,"href":"https:\/\/borzsonyring.hu\/index.php?rest_route=%2Fwp%2Fv2%2Fcomments&post=40"}],"version-history":[{"count":50,"href":"https:\/\/borzsonyring.hu\/index.php?rest_route=\/wp\/v2\/pages\/40\/revisions"}],"predecessor-version":[{"id":236,"href":"https:\/\/borzsonyring.hu\/index.php?rest_route=\/wp\/v2\/pages\/40\/revisions\/236"}],"wp:attachment":[{"href":"https:\/\/borzsonyring.hu\/index.php?rest_route=%2Fwp%2Fv2%2Fmedia&parent=40"}],"curies":[{"name":"wp","href":"https:\/\/api.w.org\/{rel}","templated":true}]}}